{"id":444,"date":"2017-06-28T15:02:49","date_gmt":"2017-06-28T19:02:49","guid":{"rendered":"http:\/\/www.marinanewrichmond.com\/?page_id=444"},"modified":"2020-09-12T11:54:37","modified_gmt":"2020-09-12T15:54:37","slug":"formulaire-nouveau-membre","status":"publish","type":"page","link":"http:\/\/www.marinanewrichmond.com\/index.php\/formulaire-nouveau-membre\/","title":{"rendered":"Formulaire nouveau membre"},"content":{"rendered":"<p align=\"JUSTIFY\"><span style=\"font-size: medium;\">Veuillez compl\u00e9ter\u00a0le formulaire ci-dessous. <\/span>Nous vous contacterons dans les plus brefs d\u00e9lais.<\/p>\n<p>Pour toute question, \u00e9crivez-nous \u00e0<span style=\"font-size: medium;\">\u00a0<span style=\"text-decoration: underline;\">info@marinanewrichmond.com<\/span><\/span><\/p>\n<p><b><span style=\"font-size: medium;\">Note : Une preuve d\u2019assurance responsabilit\u00e9 de 2 millions minimum est n\u00e9cessaire pour avoir une embarcation au Club Nautique New Richmond. <\/span><\/b><\/p>\n<p>&nbsp;<\/p>\n<div class=\"caldera-grid\" id=\"caldera_form_1\" data-cf-ver=\"1.5.1\" data-cf-form-id=\"CF5953ffea7bd30\"><div id=\"caldera_notices_1\" data-spinner=\"http:\/\/www.marinanewrichmond.com\/wp-admin\/images\/spinner.gif\"><\/div><form data-instance=\"1\" class=\"CF5953ffea7bd30 caldera_forms_form cfajax-trigger\" method=\"POST\" enctype=\"multipart\/form-data\" role=\"form\" id=\"CF5953ffea7bd30_1\" data-target=\"#caldera_notices_1\" data-template=\"#cfajax_CF5953ffea7bd30-tmpl\" data-cfajax=\"CF5953ffea7bd30\" data-load-element=\"_parent\" data-load-class=\"cf_processing\" data-post-disable=\"0\" data-action=\"cf_process_ajax_submit\" data-request=\"http:\/\/www.marinanewrichmond.com\/cf-api\/CF5953ffea7bd30\" data-hiderows=\"true\">\r\n<input type=\"hidden\" id=\"_cf_verify_CF5953ffea7bd30\" name=\"_cf_verify\" value=\"65cb391806\"  data-nonce-time=\"1777692301\" \/><input type=\"hidden\" name=\"_wp_http_referer\" value=\"\/index.php\/wp-json\/wp\/v2\/pages\/444\" \/><input type=\"hidden\" name=\"_cf_frm_id\" value=\"CF5953ffea7bd30\">\r\n<input type=\"hidden\" name=\"_cf_frm_ct\" value=\"1\">\r\n<input type=\"hidden\" name=\"cfajax\" value=\"CF5953ffea7bd30\">\r\n<input type=\"hidden\" name=\"_cf_cr_pst\" value=\"444\">\r\n<div class=\"hide\" style=\"display:none; overflow:hidden;height:0;width:0;\">\r\n<label>Web Site<\/label><input type=\"text\" name=\"web_site\" value=\"\" autocomplete=\"off\">\r\n<\/div><div id=\"CF5953ffea7bd30_1-row-1\"  class=\"row  first_row\"><div  class=\"col-sm-12  single\"><div role=\"field\" data-field-wrapper=\"fld_7593842\" class=\"form-group\">\r\n\t<label id=\"fld_7593842Label\" for=\"fld_7593842_1\" class=\"control-label\">Pr\u00e9nom<\/label>\r\n\t<div class=\"\">\r\n\t\t<input    type=\"text\" data-field=\"fld_7593842\" class=\" form-control\" id=\"fld_7593842_1\" name=\"fld_7593842\" value=\"\" data-type=\"text\"   aria-labelledby=\"fld_7593842Label\" >\t\t\t<\/div>\r\n<\/div>\r\n<div role=\"field\" data-field-wrapper=\"fld_3458433\" class=\"form-group\">\r\n\t<label id=\"fld_3458433Label\" for=\"fld_3458433_1\" class=\"control-label\">Nom<\/label>\r\n\t<div class=\"\">\r\n\t\t<input    type=\"text\" data-field=\"fld_3458433\" class=\" form-control\" id=\"fld_3458433_1\" name=\"fld_3458433\" value=\"\" data-type=\"text\"   aria-labelledby=\"fld_3458433Label\" >\t\t\t<\/div>\r\n<\/div>\r\n<\/div><\/div><div id=\"CF5953ffea7bd30_1-row-2\"  class=\"row \"><div  class=\"col-sm-12  single\"><div role=\"field\" data-field-wrapper=\"fld_9548550\" class=\"form-group\">\r\n\t<label id=\"fld_9548550Label\" for=\"fld_9548550_1\" class=\"control-label\">Courriel<\/label>\r\n\t<div class=\"\">\r\n\t\t<input    type=\"email\" data-field=\"fld_9548550\" class=\" form-control\" id=\"fld_9548550_1\" name=\"fld_9548550\" value=\"\" data-type=\"email\"   aria-labelledby=\"fld_9548550Label\" >\t\t\t<\/div>\r\n<\/div>\r\n<\/div><\/div><div id=\"CF5953ffea7bd30_1-row-3\"  class=\"row \"><div  class=\"col-sm-12  single\"><div role=\"field\" data-field-wrapper=\"fld_9799400\" class=\"form-group\">\r\n\t<label id=\"fld_9799400Label\" for=\"fld_9799400_1\" class=\"control-label\">T\u00e9l\u00e9phone (domicile)<\/label>\r\n\t<div class=\"\">\r\n\t\t<input  (999)999-9999  type=\"phone\" data-field=\"fld_9799400\" class=\" form-control\" id=\"fld_9799400_1\" name=\"fld_9799400\" value=\"\" data-type=\"phone\"   aria-labelledby=\"fld_9799400Label\" >\t\t\t<\/div>\r\n<\/div>\r\n<\/div><\/div><div id=\"CF5953ffea7bd30_1-row-4\"  class=\"row \"><div  class=\"col-sm-12  single\"><div role=\"field\" data-field-wrapper=\"fld_915796\" class=\"form-group\">\r\n\t<label id=\"fld_915796Label\" for=\"fld_915796_1\" class=\"control-label\">T\u00e9l\u00e9phone (travail)<\/label>\r\n\t<div class=\"\">\r\n\t\t<input  (999)999-9999  type=\"phone\" data-field=\"fld_915796\" class=\" form-control\" id=\"fld_915796_1\" name=\"fld_915796\" value=\"\" data-type=\"phone\"   aria-labelledby=\"fld_915796Label\" >\t\t\t<\/div>\r\n<\/div>\r\n<\/div><\/div><div id=\"CF5953ffea7bd30_1-row-5\"  class=\"row \"><div  class=\"col-sm-12  single\"><div role=\"field\" data-field-wrapper=\"fld_8514577\" class=\"form-group\">\r\n\t<label id=\"fld_8514577Label\" for=\"fld_8514577_1\" class=\"control-label\">Adresse<\/label>\r\n\t<div class=\"\">\r\n\t\t<input    type=\"text\" data-field=\"fld_8514577\" class=\" form-control\" id=\"fld_8514577_1\" name=\"fld_8514577\" value=\"\" data-type=\"text\"   aria-labelledby=\"fld_8514577Label\" >\t\t\t<\/div>\r\n<\/div>\r\n<\/div><\/div><div id=\"CF5953ffea7bd30_1-row-6\"  class=\"row \"><div  class=\"col-sm-12  single\"><div role=\"field\" data-field-wrapper=\"fld_6257997\" class=\"form-group\">\r\n\t<label id=\"fld_6257997Label\" for=\"fld_6257997_1\" class=\"control-label\">Ville<\/label>\r\n\t<div class=\"\">\r\n\t\t<input    type=\"text\" data-field=\"fld_6257997\" class=\" form-control\" id=\"fld_6257997_1\" name=\"fld_6257997\" value=\"\" data-type=\"text\"   aria-labelledby=\"fld_6257997Label\" >\t\t\t<\/div>\r\n<\/div>\r\n<div role=\"field\" data-field-wrapper=\"fld_309017\" class=\"form-group\">\r\n\t<label id=\"fld_309017Label\" for=\"fld_309017_1\" class=\"control-label\">Code postal<\/label>\r\n\t<div class=\"\">\r\n\t\t<input    type=\"text\" data-field=\"fld_309017\" class=\" form-control\" id=\"fld_309017_1\" name=\"fld_309017\" value=\"\" data-type=\"text\"   aria-labelledby=\"fld_309017Label\" >\t\t\t<\/div>\r\n<\/div>\r\n<\/div><\/div><div id=\"CF5953ffea7bd30_1-row-7\"  class=\"row \"><div  class=\"col-sm-12  single\"><div role=\"field\" data-field-wrapper=\"fld_7255385\" class=\"form-group\">\r\n\t<label id=\"fld_7255385Label\" for=\"fld_7255385_1\" class=\"control-label\">Province<\/label>\r\n\t<div class=\"\">\r\n\t\t<input    type=\"text\" data-field=\"fld_7255385\" class=\" form-control\" id=\"fld_7255385_1\" name=\"fld_7255385\" value=\"\" data-type=\"text\"   aria-labelledby=\"fld_7255385Label\" >\t\t\t<\/div>\r\n<\/div>\r\n<\/div><\/div><div id=\"CF5953ffea7bd30_1-row-8\"  class=\"row \"><div  class=\"col-sm-12  single\"><div role=\"field\" data-field-wrapper=\"fld_9887950\" class=\"form-group\">\r\n\t<label id=\"fld_9887950Label\" for=\"fld_9887950_1\" class=\"control-label\">Contact en cas d'urgence<\/label>\r\n\t<div class=\"\">\r\n\t\t<input placeholder=\"Pr\u00e9nom et Nom\"   type=\"text\" data-field=\"fld_9887950\" class=\" form-control\" id=\"fld_9887950_1\" name=\"fld_9887950\" value=\"\" data-type=\"text\"   aria-labelledby=\"fld_9887950Label\" >\t\t\t<\/div>\r\n<\/div>\r\n<\/div><\/div><div id=\"CF5953ffea7bd30_1-row-9\"  class=\"row \"><div  class=\"col-sm-12  single\"><div role=\"field\" data-field-wrapper=\"fld_5862334\" class=\"form-group\">\r\n\t<label id=\"fld_5862334Label\" for=\"fld_5862334_1\" class=\"control-label screen-reader-text sr-only\">T\u00e9l\u00e9phone<\/label>\r\n\t<div class=\"\">\r\n\t\t<input placeholder=\"T\u00e9l\u00e9phone \"   type=\"text\" data-field=\"fld_5862334\" class=\" form-control\" id=\"fld_5862334_1\" name=\"fld_5862334\" value=\"\" data-type=\"text\"   aria-labelledby=\"fld_5862334Label\" >\t\t\t<\/div>\r\n<\/div>\r\n<\/div><\/div><div id=\"CF5953ffea7bd30_1-row-10\"  class=\"row \"><div  class=\"col-sm-12  single\"><\/div><\/div><div id=\"CF5953ffea7bd30_1-row-11\"  class=\"row \"><div  class=\"col-sm-12  single\"><div role=\"field\" data-field-wrapper=\"fld_2904771\" class=\"form-group\">\r\n\t<label id=\"fld_2904771Label\" for=\"fld_2904771_1\" class=\"control-label\">Identification du bateau<\/label>\r\n\t<div class=\"\">\r\n\t\t<input placeholder=\"Nom du bateau\"   type=\"text\" data-field=\"fld_2904771\" class=\" form-control\" id=\"fld_2904771_1\" name=\"fld_2904771\" value=\"\" data-type=\"text\"   aria-labelledby=\"fld_2904771Label\" >\t\t\t<\/div>\r\n<\/div>\r\n<\/div><\/div><div id=\"CF5953ffea7bd30_1-row-12\"  class=\"row \"><div  class=\"col-sm-12  single\"><div role=\"field\" data-field-wrapper=\"fld_7479777\" class=\"form-group\">\r\n\t<label id=\"fld_7479777Label\" for=\"fld_7479777_1\" class=\"control-label screen-reader-text sr-only\">Marque, mod\u00e8le, ann\u00e9e<\/label>\r\n\t<div class=\"\">\r\n\t\t<input placeholder=\"Marque, mod\u00e8le, ann\u00e9e\"   type=\"text\" data-field=\"fld_7479777\" class=\" form-control\" id=\"fld_7479777_1\" name=\"fld_7479777\" value=\"\" data-type=\"text\"   aria-labelledby=\"fld_7479777Label\" >\t\t\t<\/div>\r\n<\/div>\r\n<\/div><\/div><div id=\"CF5953ffea7bd30_1-row-13\"  class=\"row \"><div  class=\"col-sm-12  single\"><div role=\"field\" data-field-wrapper=\"fld_6426036\" class=\"form-group\">\r\n\t<label id=\"fld_6426036Label\" for=\"fld_6426036_1\" class=\"control-label screen-reader-text sr-only\">Longueur (pi)<\/label>\r\n\t<div class=\"\">\r\n\t\t<input placeholder=\"Longueur (pi)\"   type=\"text\" data-field=\"fld_6426036\" class=\" form-control\" id=\"fld_6426036_1\" name=\"fld_6426036\" value=\"\" data-type=\"text\"   aria-labelledby=\"fld_6426036Label\" >\t\t\t<\/div>\r\n<\/div>\r\n<\/div><\/div><div id=\"CF5953ffea7bd30_1-row-14\"  class=\"row \"><div  class=\"col-sm-12  single\"><div role=\"field\" data-field-wrapper=\"fld_5614316\" class=\"form-group\">\r\n\t<label id=\"fld_5614316Label\" for=\"fld_5614316_1\" class=\"control-label screen-reader-text sr-only\">Largeur (pi)<\/label>\r\n\t<div class=\"\">\r\n\t\t<input placeholder=\"Largeur (pi)\"   type=\"text\" data-field=\"fld_5614316\" class=\" form-control\" id=\"fld_5614316_1\" name=\"fld_5614316\" value=\"\" data-type=\"text\"   aria-labelledby=\"fld_5614316Label\" >\t\t\t<\/div>\r\n<\/div>\r\n<\/div><\/div><div id=\"CF5953ffea7bd30_1-row-15\"  class=\"row \"><div  class=\"col-sm-12  single\"><div role=\"field\" data-field-wrapper=\"fld_4224523\" class=\"form-group\">\r\n\t<label id=\"fld_4224523Label\" for=\"fld_4224523_1\" class=\"control-label screen-reader-text sr-only\">Tirant d'eau<\/label>\r\n\t<div class=\"\">\r\n\t\t<input placeholder=\"Tirant d&#039;eau\"   type=\"text\" data-field=\"fld_4224523\" class=\" form-control\" id=\"fld_4224523_1\" name=\"fld_4224523\" value=\"\" data-type=\"text\"   aria-labelledby=\"fld_4224523Label\" >\t\t\t<\/div>\r\n<\/div>\r\n<\/div><\/div><div id=\"CF5953ffea7bd30_1-row-16\"  class=\"row \"><div  class=\"col-sm-12  single\"><div role=\"field\" data-field-wrapper=\"fld_2519120\" class=\"form-group\">\r\n\t<label id=\"fld_2519120Label\" for=\"fld_2519120_1\" class=\"control-label screen-reader-text sr-only\">Poids<\/label>\r\n\t<div class=\"\">\r\n\t\t<input placeholder=\"Poids\"   type=\"text\" data-field=\"fld_2519120\" class=\" form-control\" id=\"fld_2519120_1\" name=\"fld_2519120\" value=\"\" data-type=\"text\"   aria-labelledby=\"fld_2519120Label\" >\t\t\t<\/div>\r\n<\/div>\r\n<\/div><\/div><div id=\"CF5953ffea7bd30_1-row-17\"  class=\"row  last_row\"><div  class=\"col-sm-12  single\"><div role=\"field\" data-field-wrapper=\"fld_2785719\" class=\"form-group\">\r\n\t<label id=\"fld_2785719Label\" for=\"fld_2785719_1\" class=\"control-label screen-reader-text sr-only\">Immatriculation du bateau<\/label>\r\n\t<div class=\"\">\r\n\t\t<input placeholder=\"Immatriculation du bateau\"   type=\"text\" data-field=\"fld_2785719\" class=\" form-control\" id=\"fld_2785719_1\" name=\"fld_2785719\" value=\"\" data-type=\"text\"   aria-labelledby=\"fld_2785719Label\" >\t\t\t<\/div>\r\n<\/div>\r\n<div role=\"field\" data-field-wrapper=\"fld_7510550\" class=\"form-group\">\r\n<div class=\"\">\r\n\t<input  class=\"btn btn-default\" type=\"submit\" name=\"fld_7510550\" id=\"fld_7510550_1\" value=\"Transmettre\" data-field=\"fld_7510550\"   aria-labelledby=\"fld_7510550Label\">\n<\/div>\r\n<\/div>\r\n\t<input class=\"button_trigger_1\" type=\"hidden\" name=\"fld_7510550\" id=\"fld_7510550_1_btn\" value=\"\" data-field=\"fld_7510550\"  \/>\n<\/div><\/div><\/form>\r\n<\/div>\r\n\n<p><b><span style=\"font-size: medium;\">\u00a0<\/span><\/b><\/p>\n","protected":false},"excerpt":{"rendered":"<p>Veuillez compl\u00e9ter\u00a0le formulaire ci-dessous. Nous vous contacterons dans les plus brefs d\u00e9lais. Pour toute question, \u00e9crivez-nous \u00e0\u00a0info@marinanewrichmond.com Note : Une preuve d\u2019assurance responsabilit\u00e9 de 2 millions minimum est n\u00e9cessaire pour avoir une embarcation au Club Nautique New Richmond. &nbsp; \u00a0<\/p>\n","protected":false},"author":1,"featured_media":0,"parent":0,"menu_order":0,"comment_status":"closed","ping_status":"closed","template":"","meta":[],"_links":{"self":[{"href":"http:\/\/www.marinanewrichmond.com\/index.php\/wp-json\/wp\/v2\/pages\/444"}],"collection":[{"href":"http:\/\/www.marinanewrichmond.com\/index.php\/wp-json\/wp\/v2\/pages"}],"about":[{"href":"http:\/\/www.marinanewrichmond.com\/index.php\/wp-json\/wp\/v2\/types\/page"}],"author":[{"embeddable":true,"href":"http:\/\/www.marinanewrichmond.com\/index.php\/wp-json\/wp\/v2\/users\/1"}],"replies":[{"embeddable":true,"href":"http:\/\/www.marinanewrichmond.com\/index.php\/wp-json\/wp\/v2\/comments?post=444"}],"version-history":[{"count":4,"href":"http:\/\/www.marinanewrichmond.com\/index.php\/wp-json\/wp\/v2\/pages\/444\/revisions"}],"predecessor-version":[{"id":465,"href":"http:\/\/www.marinanewrichmond.com\/index.php\/wp-json\/wp\/v2\/pages\/444\/revisions\/465"}],"wp:attachment":[{"href":"http:\/\/www.marinanewrichmond.com\/index.php\/wp-json\/wp\/v2\/media?parent=444"}],"curies":[{"name":"wp","href":"https:\/\/api.w.org\/{rel}","templated":true}]}}