{"id":123,"date":"2016-05-20T18:24:44","date_gmt":"2016-05-20T18:24:44","guid":{"rendered":"http:\/\/dev.marinanewrichmond.com\/?page_id=123"},"modified":"2017-04-24T17:27:16","modified_gmt":"2017-04-24T21:27:16","slug":"liens","status":"publish","type":"page","link":"https:\/\/www.marinanewrichmond.com\/index.php\/liens\/","title":{"rendered":"Liens"},"content":{"rendered":"<p><strong>M\u00e9t\u00e9o et navigation<\/strong><\/p>\n<p><a href=\"http:\/\/www.meteomedia.com\/weather\/caqc0375\" target=\"_blank\">M\u00e9t\u00e9o terrestre &#8211; New Richmond<\/a><br \/>\n<a href=\"http:\/\/www.waterlevels.gc.ca\/fra\/station?sid=2215\" target=\"_blank\">Pr\u00e9dictions des mar\u00e9es &#8211; Pointe Howatson<\/a><br \/>\n<a href=\"http:\/\/meteo.gc.ca\/marine\/forecast_f.html?mapID=12&amp;siteID=09900&amp;stationID=YZV\" target=\"_blank\">M\u00e9t\u00e9o maritime &#8211; fleuve Saint-Laurent<\/a><br \/>\n<a href=\"http:\/\/www.weatheroffice.gc.ca\/radar\/index_f.html?id=XAM\" target=\"_blank\">Radars m\u00e9t\u00e9o &#8211; Val d&rsquo;Ir\u00e8ne, QC<\/a><br \/>\n<a href=\"http:\/\/www.weatheroffice.gc.ca\/radar\/index_f.html?id=XNC\" target=\"_blank\">Radars m\u00e9t\u00e9o &#8211; Chipman, NB<\/a><\/p>\n<p><strong>La r\u00e9gion<\/strong><\/p>\n<p><a href=\"http:\/\/www.villenewrichmond.com\" target=\"_blank\">Ville de New Richmond<\/a><br \/>\n<a href=\"http:\/\/www.baiedeschaleurs.ca\/\" target=\"_blank\">Tourisme Baie-des-Chaleurs<\/a><br \/>\n<a href=\"https:\/\/www.tourisme-gaspesie.com\/\" target=\"_blank\">Tourisme Gasp\u00e9sie<\/a><\/p>\n<p><strong>Liens additionnels<\/strong><\/p>\n<p><a href=\"http:\/\/www.voile.qc.ca\" target=\"_blank\">Voile Qu\u00e9bec<\/a><br \/>\n<a href=\"http:\/\/www.cps-ecp.ca\/public_fr\/\" target=\"_blank\">Escadrille canadienne de plaisance<\/a><br \/>\n<a href=\"http:\/\/www.sentiermaritime.ca\" target=\"_blank\">Sentier maritime du Saint-Laurent<\/a><br \/>\n<a href=\"http:\/\/www.voile.org\/fhome.htm\" target=\"_blank\">Voile abordable<\/a><br \/>\n<a href=\"http:\/\/www.chs-shc.gc.ca\" target=\"_blank\">Service hydrographique du Canada<\/a><br \/>\n<a href=\"http:\/\/www.navigationquebec.com\" target=\"_blank\">Navigation Qu\u00e9bec<\/a><br \/>\n<a href=\"http:\/\/www.notmar.gc.ca\/\" target=\"_blank\">Garde c\u00f4ti\u00e8re canadienne\u00a0<\/a><br \/>\n<a href=\"http:\/\/www.lespucesnautiques.com\" target=\"_blank\">Les puces nautiques<\/a><br \/>\n<a href=\"http:\/\/www.labarque.qc.ca\/liens.htm\" target=\"_blank\">Les Plaisanciers de la Barque<\/a><\/p>\n","protected":false},"excerpt":{"rendered":"<p>M\u00e9t\u00e9o et navigation M\u00e9t\u00e9o terrestre &#8211; New Richmond Pr\u00e9dictions des mar\u00e9es &#8211; Pointe Howatson M\u00e9t\u00e9o maritime &#8211; fleuve Saint-Laurent Radars m\u00e9t\u00e9o &#8211; Val d&rsquo;Ir\u00e8ne, QC Radars m\u00e9t\u00e9o &#8211; Chipman, NB La r\u00e9gion Ville de New Richmond Tourisme Baie-des-Chaleurs Tourisme Gasp\u00e9sie Liens additionnels Voile Qu\u00e9bec Escadrille canadienne de plaisance Sentier maritime du Saint-Laurent Voile abordable Service [&hellip;]<\/p>\n","protected":false},"author":1,"featured_media":0,"parent":0,"menu_order":4,"comment_status":"closed","ping_status":"closed","template":"","meta":[],"_links":{"self":[{"href":"https:\/\/www.marinanewrichmond.com\/index.php\/wp-json\/wp\/v2\/pages\/123"}],"collection":[{"href":"https:\/\/www.marinanewrichmond.com\/index.php\/wp-json\/wp\/v2\/pages"}],"about":[{"href":"https:\/\/www.marinanewrichmond.com\/index.php\/wp-json\/wp\/v2\/types\/page"}],"author":[{"embeddable":true,"href":"https:\/\/www.marinanewrichmond.com\/index.php\/wp-json\/wp\/v2\/users\/1"}],"replies":[{"embeddable":true,"href":"https:\/\/www.marinanewrichmond.com\/index.php\/wp-json\/wp\/v2\/comments?post=123"}],"version-history":[{"count":11,"href":"https:\/\/www.marinanewrichmond.com\/index.php\/wp-json\/wp\/v2\/pages\/123\/revisions"}],"predecessor-version":[{"id":419,"href":"https:\/\/www.marinanewrichmond.com\/index.php\/wp-json\/wp\/v2\/pages\/123\/revisions\/419"}],"wp:attachment":[{"href":"https:\/\/www.marinanewrichmond.com\/index.php\/wp-json\/wp\/v2\/media?parent=123"}],"curies":[{"name":"wp","href":"https:\/\/api.w.org\/{rel}","templated":true}]}}