{"id":142,"date":"2016-07-24T14:23:39","date_gmt":"2016-07-24T14:23:39","guid":{"rendered":"http:\/\/dev.marinanewrichmond.com\/?page_id=142"},"modified":"2026-02-17T21:55:23","modified_gmt":"2026-02-18T01:55:23","slug":"services-et-tarification","status":"publish","type":"page","link":"https:\/\/www.marinanewrichmond.com\/index.php\/services-et-tarification\/","title":{"rendered":"Services et tarification"},"content":{"rendered":"<h3 style=\"text-align: left;\"><strong>Informations g\u00e9n\u00e9rales<img loading=\"lazy\" class=\" wp-image-224 alignright\" src=\"\/wp-content\/uploads\/2016\/12\/capitainerie1-e1483057535696.jpg\" alt=\"capitainerie1\" width=\"524\" height=\"393\" \/><\/strong><\/h3>\n<p style=\"text-align: justify;\">Ce petit bassin de plaisance situ\u00e9 au c\u0153ur de la Baie-des-Chaleurs \u00e0 3 km du centre-ville de New Richmond est rep\u00e9rable gr\u00e2ce \u00e0 un feu vert qui signale l&rsquo;extr\u00e9mit\u00e9 du quai commercial de New Richmond. \u00c0 l&rsquo;Est, un autre feu vert (priv\u00e9) signale l&rsquo;extr\u00e9mit\u00e9 d&rsquo;un brise-lames perpendiculaire au quai qui prot\u00e8ge le bassin.<\/p>\n<p>Notre localisation fait de notre havre un endroit id\u00e9al pour la p\u00eache au bar ray\u00e9, au maquereau et \u00e0 la plie.<\/p>\n<p style=\"text-align: justify;\">Le club s&rsquo;est dot\u00e9 d\u2019une nouvelle capitainerie tr\u00e8s accueillante et offre de nombreux services aux usagers tels que l\u2019eau courante et l\u2019\u00e9lectricit\u00e9 (15A), Internet sans fil, pr\u00eat de v\u00e9los, une buanderie, des toilettes et douches, un salon, une cuisine, un BBQ, une rampe de mise \u00e0 l\u2019eau et de l&rsquo;entreposage.<\/p>\n<p style=\"text-align: justify;\">Places \u00e0 quai : 60<br \/>\nNombres de places visiteurs: 6<br \/>\nProfondeur \u00e0 mar\u00e9e basse : 2,50 m dans le bassin<\/p>\n<h3><a href=\"https:\/\/www.marinanewrichmond.com\/index.php\/tableau-tarification-2026\/\" target=\"_blank\" rel=\"noopener\"><strong><span style=\"text-decoration: underline;\">Tarifs 2026<\/span><\/strong><\/a><\/h3>\n<p>Pour devenir membre, veuillez compl\u00e9ter le <a href=\"http:\/\/www.marinanewrichmond.com\/index.php\/formulaire-nouveau-membre\/\"><strong><span style=\"text-decoration: underline;\">formulaire en ligne<\/span><\/strong><\/a>.<\/p>\n<h3><strong>Heures d&rsquo;ouverture et a<\/strong><strong>ccueil des bateaux visiteurs<\/strong><\/h3>\n<p><strong><img loading=\"lazy\" class=\" wp-image-222 alignright\" src=\"\/wp-content\/uploads\/2016\/12\/marina-ponton-capitainerie-e1483051181666.jpg\" alt=\"marina ponton capitainerie\" width=\"490\" height=\"368\" \/><\/strong>Lundi et mardi : 10h00 \u00e0 20h00<br \/>\nMercredi au dimanche : 7h00 \u00e0 20H00<\/p>\n<p style=\"text-align: justify;\">Tous les bateaux sont invit\u00e9s \u00e0 s\u2019arr\u00eater pour une, ou plusieurs\u00a0nuits, \u00e0 la marina de New Richmond.<\/p>\n<p style=\"text-align: justify;\">Vous profiterez d\u2019une ambiance chaleureuse et de nuits tr\u00e8s calmes.<\/p>\n<p style=\"text-align: justify;\">Vous pouvez nous joindre par radio VHF sur la voie 68, ou par t\u00e9l\u00e9phone au 418-392-7547, avant votre arriv\u00e9e pour obtenir les renseignements concernant votre quai.<\/p>\n<p style=\"text-align: justify;\">Quaiage pour bateau visiteur de 30 pieds et moins: 55 $ par jour (taxes incluses)<br \/>\nChaque pied additionnel: 1,25$ suppl\u00e9mentaire (taxes incluse)<br \/>\n4 nuits cons\u00e9cutives: 5e nuit gratuite<\/p>\n<p style=\"text-align: justify;\">Services inclus avec votre quaiage :<br \/>\n\u00c9lectricit\u00e9 sur les pontons, eau courante, salle de bain nouvellement r\u00e9nov\u00e9e avec toilettes, lavabos et douches, accessible 24h\/24, buanderie, ordinateur avec acc\u00e8s Internet, deux v\u00e9los disponibles en pr\u00eat pour de courtes randonn\u00e9es.<\/p>\n<h3 style=\"text-align: justify;\"><strong><img loading=\"lazy\" class=\" wp-image-217 alignright\" src=\"\/wp-content\/uploads\/2016\/12\/rampe-e1483057503499.jpg\" alt=\"rampe\" width=\"466\" height=\"248\" \/>Rampe de mise \u00e0 l\u2019eau<\/strong><\/h3>\n<p style=\"text-align: justify;\">Le Club nautique met \u00e0 la disposition une rampe de mise \u00e0 l\u2019eau qui est accessible \u00e0 tous en tout temps, moyennant des frais d&rsquo;utilisation. Nous vous remercions \u00e0 l&rsquo;avance de vous rendre au deuxi\u00e8me \u00e9tage de la capitainerie afin de payer vos droits d&rsquo;acc\u00e8s.<\/p>\n<h6 style=\"text-align: justify;\"><strong>Tarif journalier : 25 $<br \/>\nCarte d&rsquo;acc\u00e8s saisonni\u00e8re : 100 $<br \/>\nCarte d&rsquo;acc\u00e8s saisonni\u00e8re commerciale : 200 $<\/strong><\/h6>\n<h3><\/h3>\n<h3 style=\"text-align: justify;\"><strong>Bar-terrasse<img loading=\"lazy\" class=\" wp-image-223 alignright\" src=\"\/wp-content\/uploads\/2016\/12\/coucher-de-soleil-e1483057715777.jpg\" alt=\"coucher de soleil\" width=\"453\" height=\"340\" \/><br \/>\n<\/strong><\/h3>\n<p style=\"text-align: left;\">Le bar-terrasse est ouvert au public 7 jours sur 7 d\u00e8s 14h et\u00a0offre une vue panoramique sur un site calme et enchanteur. Nous vous offrons une s\u00e9lection vari\u00e9e de vins, de bi\u00e8res en bouteille et\u00a0en f\u00fbt, de cocktails, de jus et de boissons gazeuses. Nous servons \u00e9galement quelques grignotines en guise d&rsquo;accompagnement.<\/p>\n","protected":false},"excerpt":{"rendered":"<p>Informations g\u00e9n\u00e9rales Ce petit bassin de plaisance situ\u00e9 au c\u0153ur de la Baie-des-Chaleurs \u00e0 3 km du centre-ville de New Richmond est rep\u00e9rable gr\u00e2ce \u00e0 un feu vert qui signale l&rsquo;extr\u00e9mit\u00e9 du quai commercial de New Richmond. \u00c0 l&rsquo;Est, un autre feu vert (priv\u00e9) signale l&rsquo;extr\u00e9mit\u00e9 d&rsquo;un brise-lames perpendiculaire au quai qui prot\u00e8ge le bassin. [&hellip;]<\/p>\n","protected":false},"author":1,"featured_media":0,"parent":0,"menu_order":1,"comment_status":"closed","ping_status":"closed","template":"","meta":[],"_links":{"self":[{"href":"https:\/\/www.marinanewrichmond.com\/index.php\/wp-json\/wp\/v2\/pages\/142"}],"collection":[{"href":"https:\/\/www.marinanewrichmond.com\/index.php\/wp-json\/wp\/v2\/pages"}],"about":[{"href":"https:\/\/www.marinanewrichmond.com\/index.php\/wp-json\/wp\/v2\/types\/page"}],"author":[{"embeddable":true,"href":"https:\/\/www.marinanewrichmond.com\/index.php\/wp-json\/wp\/v2\/users\/1"}],"replies":[{"embeddable":true,"href":"https:\/\/www.marinanewrichmond.com\/index.php\/wp-json\/wp\/v2\/comments?post=142"}],"version-history":[{"count":88,"href":"https:\/\/www.marinanewrichmond.com\/index.php\/wp-json\/wp\/v2\/pages\/142\/revisions"}],"predecessor-version":[{"id":770,"href":"https:\/\/www.marinanewrichmond.com\/index.php\/wp-json\/wp\/v2\/pages\/142\/revisions\/770"}],"wp:attachment":[{"href":"https:\/\/www.marinanewrichmond.com\/index.php\/wp-json\/wp\/v2\/media?parent=142"}],"curies":[{"name":"wp","href":"https:\/\/api.w.org\/{rel}","templated":true}]}}