{"id":499,"date":"2019-04-02T13:41:59","date_gmt":"2019-04-02T17:41:59","guid":{"rendered":"http:\/\/www.marinanewrichmond.com\/?page_id=499"},"modified":"2026-04-08T20:46:22","modified_gmt":"2026-04-09T00:46:22","slug":"emploi","status":"publish","type":"page","link":"https:\/\/www.marinanewrichmond.com\/index.php\/emploi\/","title":{"rendered":"Emploi"},"content":{"rendered":"<h3 style=\"text-align: center;\"><a href=\"http:\/\/www.marinanewrichmond.com\/index.php\/emploi\/cnnr-logo-25\/\" rel=\"attachment wp-att-689\"><img loading=\"lazy\" class=\"alignnone wp-image-689\" src=\"http:\/\/www.marinanewrichmond.com\/wp-content\/uploads\/2022\/03\/CNNR-logo-25.jpg\" alt=\"CNNR logo miniature\" width=\"171\" height=\"129\" srcset=\"https:\/\/www.marinanewrichmond.com\/wp-content\/uploads\/2022\/03\/CNNR-logo-25.jpg 460w, https:\/\/www.marinanewrichmond.com\/wp-content\/uploads\/2022\/03\/CNNR-logo-25-300x226.jpg 300w\" sizes=\"(max-width: 171px) 100vw, 171px\" \/><\/a><\/h3>\n<h3 style=\"text-align: center;\"><strong>Offre d&#8217;emploi &#8211; Adjoint.te au service \u00e0 la client\u00e8le<\/strong><\/h3>\n<p><strong>New Richmond le 8 avril 2026<\/strong> &#8211; \u0152uvrant dans le secteur du nautisme, le Club Nautique de New Richmond est \u00e0 la recherche de deux (2) adjoints.es \u00e0 la marina pour l\u2019\u00e9t\u00e9 2026.<\/p>\n<p><strong>T\u00e2ches\u00a0<\/strong>: Accueillir les plaisanciers et les visiteurs. Faire l\u2019enregistrement et collecter le<br \/>\npaiement des locations. Faire le suivi des arriv\u00e9es et d\u00e9parts des embarcations et attitrer des<br \/>\nemplacements \u00e0 quai selon leurs caract\u00e9ristiques. G\u00e9rer les r\u00e9servations, r\u00e9pondre aux appels<br \/>\nt\u00e9l\u00e9phoniques et radios.<\/p>\n<p><strong>Comp\u00e9tences<\/strong> : Connaissance du milieu nautique un atout, exp\u00e9rience de travail avec le public,<br \/>\ndynamisme et entregent.<\/p>\n<p><strong>Avantages<\/strong> : Travail g\u00e9n\u00e9ralement \u00e0 l\u2019ext\u00e9rieur dans un des plus beaux sites de la Baie-des-<br \/>\nChaleurs. D\u00e9couvrir le milieu nautique et ses adeptes. Formations sp\u00e9cifiques et assistance des membres.<\/p>\n<p><strong>Qualifications<\/strong> : Secondaire 5 ou formation post-secondaire.<\/p>\n<p><strong>Dur\u00e9e de l&#8217;emploi<\/strong> : 10 semaines, 35 heures\/semaine d\u00e9butant le 22 juin. Possibilit\u00e9 de p\u00e9riodes<br \/>\nadditionnelles \u00e0 partir du 11 mai.<\/p>\n<p><strong>Salaire<\/strong> : 18,50$ \/ heure<\/p>\n<p>Faire parvenir votre CV \u00e0\u00a0: <a href=\"mailto:info@marinanewrichmond.com\">info@marinanewrichmond.com<\/a><\/p>\n<p>Ou \u00e0 l\u2019adresse :<br \/>\n<strong>Club nautique New Richmond<\/strong><br \/>\n<strong>158, chemin du Port<\/strong><br \/>\n<strong>New Richmond (Qu\u00e9bec) G0C 2B0<\/strong><\/p>\n<p>F\u00e9lix Boudreau, secr\u00e9taire<\/p>\n","protected":false},"excerpt":{"rendered":"<p>Offre d&#8217;emploi &#8211; Adjoint.te au service \u00e0 la client\u00e8le New Richmond le 8 avril 2026 &#8211; \u0152uvrant dans le secteur du nautisme, le Club Nautique de New Richmond est \u00e0 la recherche de deux (2) adjoints.es \u00e0 la marina pour l\u2019\u00e9t\u00e9 2026. T\u00e2ches\u00a0: Accueillir les plaisanciers et les visiteurs. Faire l\u2019enregistrement et collecter le paiement [&hellip;]<\/p>\n","protected":false},"author":1,"featured_media":0,"parent":0,"menu_order":0,"comment_status":"closed","ping_status":"closed","template":"","meta":[],"_links":{"self":[{"href":"https:\/\/www.marinanewrichmond.com\/index.php\/wp-json\/wp\/v2\/pages\/499"}],"collection":[{"href":"https:\/\/www.marinanewrichmond.com\/index.php\/wp-json\/wp\/v2\/pages"}],"about":[{"href":"https:\/\/www.marinanewrichmond.com\/index.php\/wp-json\/wp\/v2\/types\/page"}],"author":[{"embeddable":true,"href":"https:\/\/www.marinanewrichmond.com\/index.php\/wp-json\/wp\/v2\/users\/1"}],"replies":[{"embeddable":true,"href":"https:\/\/www.marinanewrichmond.com\/index.php\/wp-json\/wp\/v2\/comments?post=499"}],"version-history":[{"count":39,"href":"https:\/\/www.marinanewrichmond.com\/index.php\/wp-json\/wp\/v2\/pages\/499\/revisions"}],"predecessor-version":[{"id":774,"href":"https:\/\/www.marinanewrichmond.com\/index.php\/wp-json\/wp\/v2\/pages\/499\/revisions\/774"}],"wp:attachment":[{"href":"https:\/\/www.marinanewrichmond.com\/index.php\/wp-json\/wp\/v2\/media?parent=499"}],"curies":[{"name":"wp","href":"https:\/\/api.w.org\/{rel}","templated":true}]}}