{"id":518,"date":"2019-05-21T12:25:03","date_gmt":"2019-05-21T16:25:03","guid":{"rendered":"http:\/\/www.marinanewrichmond.com\/?page_id=518"},"modified":"2019-05-21T12:42:03","modified_gmt":"2019-05-21T16:42:03","slug":"location-de-salle","status":"publish","type":"page","link":"https:\/\/www.marinanewrichmond.com\/index.php\/location-de-salle\/","title":{"rendered":"Location de salle"},"content":{"rendered":"<p><img loading=\"lazy\" class=\"alignnone size-large wp-image-522\" src=\"http:\/\/www.marinanewrichmond.com\/wp-content\/uploads\/2019\/05\/Montage-location_paysage-copie-1-1024x256.jpg\" alt=\"Montage location_paysage copie\" width=\"800\" height=\"200\" srcset=\"https:\/\/www.marinanewrichmond.com\/wp-content\/uploads\/2019\/05\/Montage-location_paysage-copie-1-1024x256.jpg 1024w, https:\/\/www.marinanewrichmond.com\/wp-content\/uploads\/2019\/05\/Montage-location_paysage-copie-1-300x75.jpg 300w, https:\/\/www.marinanewrichmond.com\/wp-content\/uploads\/2019\/05\/Montage-location_paysage-copie-1-768x192.jpg 768w\" sizes=\"(max-width: 800px) 100vw, 800px\" \/><\/p>\n<p>Vous recherchez un lieu pour tenir une r\u00e9union, une formation, une conf\u00e9rence, un souper ou tout autre occasion, le Club nautique New Richmond dispose d\u2019une salle accessible pour vos activit\u00e9s professionnelles ou priv\u00e9es.\u00a0 La capacit\u00e9 de la salle peut aller jusqu\u2019\u00e0 60 personnes selon l\u2019activit\u00e9. Il est aussi possible de manger sur place. Il faut prendre note qu\u2019il n\u2019y a pas de service de restauration mais que des arrangements peuvent \u00eatre pris pour les repas. Certaines restrictions peuvent s\u2019appliquer en haute saison.<\/p>\n<p>Nous mettons aussi \u00e0 votre disposition une terrasse, avec une vue imprenable sur la Baie-des-Chaleurs, pouvant accueillir une trentaine de personnes. C\u2019est l&rsquo;endroit id\u00e9al pour vos 5 \u00e0 7 ou simplement prendre un rafraichissement en agr\u00e9able compagnie car nous avons un service de bar. L\u2019acc\u00e8s est ouvert \u00e0 tous. Venez d\u00e9couvrir ce site qui gagne \u00e0 \u00eatre connu.<\/p>\n<p>La salle est disponible pour des locations du 15 mai jusqu\u2019\u00e0 la mi octobre. Pour tout renseignement ou pour une r\u00e9servation, vous pouvez nous contacter \u00e0 l\u2019adresse courriel : <a href=\"mailto:info@marinanewrichmond.com\">info@marinanewrichmond.com<\/a><\/p>\n<p>&nbsp;<\/p>\n","protected":false},"excerpt":{"rendered":"<p>Vous recherchez un lieu pour tenir une r\u00e9union, une formation, une conf\u00e9rence, un souper ou tout autre occasion, le Club nautique New Richmond dispose d\u2019une salle accessible pour vos activit\u00e9s professionnelles ou priv\u00e9es.\u00a0 La capacit\u00e9 de la salle peut aller jusqu\u2019\u00e0 60 personnes selon l\u2019activit\u00e9. Il est aussi possible de manger sur place. Il faut [&hellip;]<\/p>\n","protected":false},"author":1,"featured_media":0,"parent":0,"menu_order":0,"comment_status":"closed","ping_status":"closed","template":"","meta":[],"_links":{"self":[{"href":"https:\/\/www.marinanewrichmond.com\/index.php\/wp-json\/wp\/v2\/pages\/518"}],"collection":[{"href":"https:\/\/www.marinanewrichmond.com\/index.php\/wp-json\/wp\/v2\/pages"}],"about":[{"href":"https:\/\/www.marinanewrichmond.com\/index.php\/wp-json\/wp\/v2\/types\/page"}],"author":[{"embeddable":true,"href":"https:\/\/www.marinanewrichmond.com\/index.php\/wp-json\/wp\/v2\/users\/1"}],"replies":[{"embeddable":true,"href":"https:\/\/www.marinanewrichmond.com\/index.php\/wp-json\/wp\/v2\/comments?post=518"}],"version-history":[{"count":5,"href":"https:\/\/www.marinanewrichmond.com\/index.php\/wp-json\/wp\/v2\/pages\/518\/revisions"}],"predecessor-version":[{"id":529,"href":"https:\/\/www.marinanewrichmond.com\/index.php\/wp-json\/wp\/v2\/pages\/518\/revisions\/529"}],"wp:attachment":[{"href":"https:\/\/www.marinanewrichmond.com\/index.php\/wp-json\/wp\/v2\/media?parent=518"}],"curies":[{"name":"wp","href":"https:\/\/api.w.org\/{rel}","templated":true}]}}