{"id":65,"date":"2016-05-20T09:28:19","date_gmt":"2016-05-20T13:28:19","guid":{"rendered":"http:\/\/dev.marinanewrichmond.com\/?page_id=65"},"modified":"2025-05-09T20:28:59","modified_gmt":"2025-05-10T00:28:59","slug":"contact","status":"publish","type":"page","link":"https:\/\/www.marinanewrichmond.com\/index.php\/contact\/","title":{"rendered":"Nous joindre"},"content":{"rendered":"\n<p><strong>Message important : <\/strong><br>Le comit\u00e9 ainsi que les membres du Club Nautique de New Richmond effectuent d&rsquo;importants travaux dans le bassin de la marina afin d&rsquo;offrir un plan d&rsquo;eau s\u00e9curitaire \u00e0 ses membres ainsi qu&rsquo;aux plaisanciers, pour la p\u00e9riode estivale. Les travaux consistent majoritairement au dragage des s\u00e9diments qui se sont accumul\u00e9s au fil des ann\u00e9es dans le bassin de la marina. Cela permettra une plus grande flexibilit\u00e9 lors des entr\u00e9es et des sorties de la marina, en plus d&rsquo;offrir davantage de profondeur aux embarcations. <strong>Ainsi, il ne sera pas possible d&rsquo;utiliser la rampe de mise \u00e0 l&rsquo;eau, d&rsquo;utiliser les pontons ou encore d&rsquo;accueillir des visiteurs, et ce, jusqu&rsquo;\u00e0 la premi\u00e8re semaine de juin.<\/strong> Merci de votre collaboration, Club Nautique de New Richmond.<\/p>\n\n\n<p><img loading=\"lazy\" class=\"wp-image-211 alignright\" src=\"\/wp-content\/uploads\/2016\/12\/ponton-1024x768.jpg\" alt=\"ponton\" width=\"499\" height=\"374\" \/><\/p>\n<h3><strong>Adresse<\/strong><\/h3>\n<p>158 Chemin du Port<br \/>New Richmond, QC<br \/>G0C 2B0<br \/>T\u00e9l.\u00a0: (418) 392-7547<\/p>\n<p><a href=\"mailto:info@marinanewrichmond.com\">info@marinanewrichmond.com<\/a><\/p>\n<p><strong>Heures d&rsquo;ouverture<\/strong><br \/>Lundi et mardi : 10h00 \u00e0 20h00<br \/>Mercredi au dimanche : 7h00 \u00e0 20H00<\/p>\n<p><strong>Position<\/strong> : 48\u00b0 08&prime; 20&Prime; N 65\u00b0 50&prime; 02&Prime; W<br \/>VHF canal 68<br \/><strong>Point d&rsquo;entr\u00e9e de la marina<\/strong> : <a style=\"color: green;\">Feu vert<\/a> \u00e0 babord<\/p>\n<p><a href=\"https:\/\/www.facebook.com\/ClubNautiqueNR\/\"><img loading=\"lazy\" class=\"alignnone size-full wp-image-84\" src=\"\/wp-content\/uploads\/2016\/05\/facebook.png\" alt=\"facebook\" width=\"13\" height=\"25\" \/><\/a>\u00a0 \u00a0 \u00a0<a href=\"https:\/\/www.facebook.com\/ClubNautiqueNR\/\">Visitez notre page Facebook<\/a><\/p>\n<h3>\u00a0<\/h3>\n<h3>\u00a0<\/h3>\n<h3><strong>Carte Google<\/strong><\/h3>\n<p><iframe loading=\"lazy\" style=\"border: 0;\" src=\"https:\/\/www.google.com\/maps\/embed?pb=!1m18!1m12!1m3!1d1331.2178452370113!2d-65.83649583683709!3d48.14040502481329!2m3!1f0!2f0!3f0!3m2!1i1024!2i768!4f13.1!3m3!1m2!1s0x4c99ad89c1603dcf%3A0xa5d74f99236e9b4b!2sMarina+de+New+Richmond!5e0!3m2!1sfr!2sca!4v1491763521457\" width=\"600\" height=\"450\" frameborder=\"0\" allowfullscreen=\"allowfullscreen\"><\/iframe><\/p>","protected":false},"excerpt":{"rendered":"<p>Message important : Le comit\u00e9 ainsi que les membres du Club Nautique de New Richmond effectuent d&rsquo;importants travaux dans le bassin de la marina afin d&rsquo;offrir un plan d&rsquo;eau s\u00e9curitaire \u00e0 ses membres ainsi qu&rsquo;aux plaisanciers, pour la p\u00e9riode estivale. Les travaux consistent majoritairement au dragage des s\u00e9diments qui se sont accumul\u00e9s au fil des [&hellip;]<\/p>\n","protected":false},"author":1,"featured_media":0,"parent":0,"menu_order":0,"comment_status":"closed","ping_status":"closed","template":"","meta":[],"_links":{"self":[{"href":"https:\/\/www.marinanewrichmond.com\/index.php\/wp-json\/wp\/v2\/pages\/65"}],"collection":[{"href":"https:\/\/www.marinanewrichmond.com\/index.php\/wp-json\/wp\/v2\/pages"}],"about":[{"href":"https:\/\/www.marinanewrichmond.com\/index.php\/wp-json\/wp\/v2\/types\/page"}],"author":[{"embeddable":true,"href":"https:\/\/www.marinanewrichmond.com\/index.php\/wp-json\/wp\/v2\/users\/1"}],"replies":[{"embeddable":true,"href":"https:\/\/www.marinanewrichmond.com\/index.php\/wp-json\/wp\/v2\/comments?post=65"}],"version-history":[{"count":24,"href":"https:\/\/www.marinanewrichmond.com\/index.php\/wp-json\/wp\/v2\/pages\/65\/revisions"}],"predecessor-version":[{"id":747,"href":"https:\/\/www.marinanewrichmond.com\/index.php\/wp-json\/wp\/v2\/pages\/65\/revisions\/747"}],"wp:attachment":[{"href":"https:\/\/www.marinanewrichmond.com\/index.php\/wp-json\/wp\/v2\/media?parent=65"}],"curies":[{"name":"wp","href":"https:\/\/api.w.org\/{rel}","templated":true}]}}